{"id":23903,"date":"2025-08-01T13:14:00","date_gmt":"2025-08-01T11:14:00","guid":{"rendered":"https:\/\/tinnbib.no\/?page_id=23903"},"modified":"2025-08-01T13:15:36","modified_gmt":"2025-08-01T11:15:36","slug":"sorviserklaering","status":"publish","type":"page","link":"https:\/\/tinnbib.no\/?page_id=23903","title":{"rendered":"S\u00f8rviserkl\u00e6ring"},"content":{"rendered":"<p><strong>BIBLIOTEKET<\/strong><\/p>\n<ul>\n<li>skal ha gratis tilbud til alle<\/li>\n<li>skal v\u00e6re \u00e5pen for forslag fra l\u00e5nerne<\/li>\n<li>skal ha stor bredde i tilbudet for \u00e5 dekke alle aldersgrupper og interesser<\/li>\n<li>skal ha oppdatert faglitteratur<\/li>\n<li>skal ha oppdatert og tidsriktig IKT-utstyr og tjenester<\/li>\n<li>skal ha utadvendt s\u00f8rvisholdning med brukerne i sentrum<\/li>\n<li>skal finne fram relevant informasjon og litteratur raskt og effektivt<\/li>\n<li>skal svare p\u00e5 muntlige foresp\u00f8rsler senest 3 dager etter foresp\u00f8rsel ev. etter avtale, p\u00e5 skriftlige foresp\u00f8rsler 10 dager<\/li>\n<li>skal ha \u00e5pningstid tilpasset brukerne<\/li>\n<li>skal ha tiltalende og ryddige lokaler<\/li>\n<li>skal reservere b\u00f8ker om de er utl\u00e5nt<\/li>\n<li>plikter \u00e5 l\u00e5ne inn b\u00f8ker fra andre bibliotek<\/li>\n<li>Ordin\u00e6re pensumb\u00f8ker for videreg\u00e5ende skoler og h\u00f8yere utdanning er i utgangspunktet den enkelte students og\/eller l\u00e6resteds ansvar<\/li>\n<li>kan fornye b\u00f8ker opptil 3 ganger dersom de ikke er reservert<\/li>\n<li>skal ha dagens aviser og nyeste tidsskrifter lett tilgjengelig<\/li>\n<li>kan tilby 2 datamaskiner med internett-tilgang p\u00e5 lesesal<\/li>\n<li>Har lyttestol p\u00e5 Barneavdelinga<\/li>\n<li>har kopieringsmaskin til fotokopiering i A4\/A3-format i utl\u00e5net og laminering<\/li>\n<li>Har skriver tilknyttet datamaskiner p\u00e5 lesesalen (kun svart\/hvit)<\/li>\n<\/ul>\n<p><strong>PRISER<\/strong><\/p>\n<ul>\n<li>A4-format: 5 kr \/ ark<\/li>\n<li>A3-format: 10 kr \/ ark<\/li>\n<li>Fargeprint: A4: 10 kr<\/li>\n<li>A3: 15 kr<\/li>\n<li>Laminering: A4: 10 kr<\/li>\n<li>A3: 15 kr<\/li>\n<li>Konvolutt: A4: 10 kr<\/li>\n<li>Scanning: Gratis<\/li>\n<li>Stempel \u00abRett kopi\u00bb ved behov<\/li>\n<\/ul>\n<div class=\"gsp_post_data\" \r\n\t            data-post_type=\"page\" \r\n\t            data-cat=\"\" \r\n\t            data-modified=\"120\"\r\n\t            data-created=\"1754054040\"\r\n\t            data-title=\"S\u00f8rviserkl\u00e6ring\" \r\n\t            data-home=\"https:\/\/tinnbib.no\"><\/div>","protected":false},"excerpt":{"rendered":"<p>BIBLIOTEKET skal ha gratis tilbud til alle skal v\u00e6re \u00e5pen for forslag fra l\u00e5nerne skal ha stor bredde i tilbudet for \u00e5 dekke alle aldersgrupper og interesser skal ha oppdatert faglitteratur skal ha oppdatert og tidsriktig IKT-utstyr og tjenester skal ha utadvendt s\u00f8rvisholdning med brukerne i sentrum skal finne fram relevant informasjon og litteratur raskt [&hellip;]<\/p>\n","protected":false},"author":101016,"featured_media":0,"parent":5954,"menu_order":0,"comment_status":"closed","ping_status":"closed","template":"","meta":{"_et_pb_use_builder":"","_et_pb_old_content":"","_et_gb_content_width":"","footnotes":"","_links_to":"","_links_to_target":""},"class_list":["post-23903","page","type-page","status-publish","hentry"],"_links":{"self":[{"href":"https:\/\/tinnbib.no\/index.php?rest_route=\/wp\/v2\/pages\/23903","targetHints":{"allow":["GET"]}}],"collection":[{"href":"https:\/\/tinnbib.no\/index.php?rest_route=\/wp\/v2\/pages"}],"about":[{"href":"https:\/\/tinnbib.no\/index.php?rest_route=\/wp\/v2\/types\/page"}],"author":[{"embeddable":true,"href":"https:\/\/tinnbib.no\/index.php?rest_route=\/wp\/v2\/users\/101016"}],"replies":[{"embeddable":true,"href":"https:\/\/tinnbib.no\/index.php?rest_route=%2Fwp%2Fv2%2Fcomments&post=23903"}],"version-history":[{"count":1,"href":"https:\/\/tinnbib.no\/index.php?rest_route=\/wp\/v2\/pages\/23903\/revisions"}],"predecessor-version":[{"id":23904,"href":"https:\/\/tinnbib.no\/index.php?rest_route=\/wp\/v2\/pages\/23903\/revisions\/23904"}],"up":[{"embeddable":true,"href":"https:\/\/tinnbib.no\/index.php?rest_route=\/wp\/v2\/pages\/5954"}],"wp:attachment":[{"href":"https:\/\/tinnbib.no\/index.php?rest_route=%2Fwp%2Fv2%2Fmedia&parent=23903"}],"curies":[{"name":"wp","href":"https:\/\/api.w.org\/{rel}","templated":true}]}}