{"id":5934,"date":"2015-10-20T14:43:10","date_gmt":"2015-10-20T12:43:10","guid":{"rendered":"http:\/\/tinnbib.no\/?page_id=5934"},"modified":"2025-08-01T12:36:42","modified_gmt":"2025-08-01T10:36:42","slug":"reglement","status":"publish","type":"page","link":"https:\/\/tinnbib.no\/?page_id=5934","title":{"rendered":"Reglement"},"content":{"rendered":"<p><strong>UTL\u00c5N, L\u00c5N OG L\u00c5NEKORT<\/strong><\/p>\n<ul>\n<li style=\"list-style-type: none;\">\n<li>L\u00e5netida for b\u00f8ker, lydb\u00f8ker musikk og filmer er 4 uker<\/li>\n<li>Studiel\u00e5n etter behov<\/li>\n<li>P\u00e5 Biblioteket f\u00e5r du l\u00e5nekort mot \u00e5 vise legitimasjon<\/li>\n<li>Barn f\u00e5r l\u00e5nekort med foresattes underskrift det \u00e5ret de fyller 6 \u00e5r<\/li>\n<li>L\u00e5nere som ikke bor i kommunen kan l\u00e5ne ved hjelp av Nasjonalt l\u00e5nekort fra eget bibliotek<\/li>\n<li>Eier av l\u00e5nekort er ansvarlig for det som l\u00e5nes p\u00e5 kortet<\/li>\n<li>Tap av l\u00e5nekort meldes straks fra til Biblioteket (nytt kort har gebyr p\u00e5 20,-)<\/li>\n<li>B\u00f8ker som g\u00e5r tapt eller skades m\u00e5 erstattes<\/li>\n<li>Om ett bind av et verk g\u00e5r tapt kan l\u00e5ner p\u00e5legges \u00e5 erstatte hele verket<\/li>\n<li>Dersom b\u00f8ker eller annet l\u00e5nes videre til andre, m\u00e5 det gis melding til Biblioteket<\/li>\n<\/ul>\n<p><strong>PURRING OG ERSTATNING<\/strong><\/p>\n<p>Purring sendes ut n\u00e5r l\u00e5n ikke blir levert innen forfallsdato. Det p\u00e5l\u00f8per da purregebyr.<\/p>\n<ul>\n<li>1. purring: 20 kr<\/li>\n<li>2. purring: 50 kr<\/li>\n<li>Tredje gang kommer det krav fra kommunen om enten \u00e5 betale verdien av det som er l\u00e5nt etter faste satser eller 50 kr ved levering av b\u00f8kene.<\/li>\n<li>Kravet sendes til slutt til inkasso<\/li>\n<\/ul>\n<p>For nye b\u00f8ker (siste 5 \u00e5r) gjelder innkj\u00f8pspris ved erstatning. Erstatning av b\u00f8ker eldre enn 5 \u00e5r:<\/p>\n<ul>\n<li>Praktb\u00f8ker <strong>500,-<\/strong><\/li>\n<li>Voksenb\u00f8ker fag\/skj\u00f8nn, Digib\u00f8ker <strong>350,-<\/strong><\/li>\n<li>Barneb\u00f8ker fag\/skj\u00f8nn <strong>200,-<\/strong><\/li>\n<li>Hefta b\u00f8ker, tegneserier <strong>100,-<\/strong><\/li>\n<li>DVD\/CD <strong>200,-<\/strong><\/li>\n<\/ul>\n<p><strong>ANNET<\/strong><\/p>\n<p>F\u00f8lgende publikasjoner kan kun brukes p\u00e5 Biblioteket:<\/p>\n<ul>\n<li>Leksika, h\u00e5ndb\u00f8ker, bibliografier og andre referanseverk<\/li>\n<li>Siste nummer av aviser og tidsskrifter<\/li>\n<li>Enkelte gamle og sjeldne titler fra samlingen<\/li>\n<li>Gamle \u00e5rganger av lokalaviser<\/li>\n<\/ul>\n<p>Rjukan bibliotek er ikke ansvarlig for skade p\u00e5 l\u00e5ners avspillingsutstyr ved bruk av Bibliotekets Digikort, CD-, DVD- eller blu-ray-plater<\/p>\n<div class=\"gsp_post_data\" \r\n\t            data-post_type=\"page\" \r\n\t            data-cat=\"\" \r\n\t            data-modified=\"120\"\r\n\t            data-created=\"1445352190\"\r\n\t            data-title=\"Reglement\" \r\n\t            data-home=\"https:\/\/tinnbib.no\"><\/div>","protected":false},"excerpt":{"rendered":"<p>UTL\u00c5N, L\u00c5N OG L\u00c5NEKORT L\u00e5netida for b\u00f8ker, lydb\u00f8ker musikk og filmer er 4 uker Studiel\u00e5n etter behov P\u00e5 Biblioteket f\u00e5r du l\u00e5nekort mot \u00e5 vise legitimasjon Barn f\u00e5r l\u00e5nekort med foresattes underskrift det \u00e5ret de fyller 6 \u00e5r L\u00e5nere som ikke bor i kommunen kan l\u00e5ne ved hjelp av Nasjonalt l\u00e5nekort fra eget bibliotek Eier [&hellip;]<\/p>\n","protected":false},"author":101012,"featured_media":0,"parent":5954,"menu_order":0,"comment_status":"closed","ping_status":"closed","template":"","meta":{"_et_pb_use_builder":"off","_et_pb_old_content":"","_et_gb_content_width":"","footnotes":"","_links_to":"","_links_to_target":""},"class_list":["post-5934","page","type-page","status-publish","hentry"],"_links":{"self":[{"href":"https:\/\/tinnbib.no\/index.php?rest_route=\/wp\/v2\/pages\/5934","targetHints":{"allow":["GET"]}}],"collection":[{"href":"https:\/\/tinnbib.no\/index.php?rest_route=\/wp\/v2\/pages"}],"about":[{"href":"https:\/\/tinnbib.no\/index.php?rest_route=\/wp\/v2\/types\/page"}],"author":[{"embeddable":true,"href":"https:\/\/tinnbib.no\/index.php?rest_route=\/wp\/v2\/users\/101012"}],"replies":[{"embeddable":true,"href":"https:\/\/tinnbib.no\/index.php?rest_route=%2Fwp%2Fv2%2Fcomments&post=5934"}],"version-history":[{"count":12,"href":"https:\/\/tinnbib.no\/index.php?rest_route=\/wp\/v2\/pages\/5934\/revisions"}],"predecessor-version":[{"id":23902,"href":"https:\/\/tinnbib.no\/index.php?rest_route=\/wp\/v2\/pages\/5934\/revisions\/23902"}],"up":[{"embeddable":true,"href":"https:\/\/tinnbib.no\/index.php?rest_route=\/wp\/v2\/pages\/5954"}],"wp:attachment":[{"href":"https:\/\/tinnbib.no\/index.php?rest_route=%2Fwp%2Fv2%2Fmedia&parent=5934"}],"curies":[{"name":"wp","href":"https:\/\/api.w.org\/{rel}","templated":true}]}}