{"id":6130,"date":"2015-10-30T10:47:03","date_gmt":"2015-10-30T09:47:03","guid":{"rendered":"http:\/\/tinnbib.no\/?page_id=6130"},"modified":"2026-02-13T08:20:05","modified_gmt":"2026-02-13T07:20:05","slug":"utlan-av-bibliotekkjeller","status":"publish","type":"page","link":"https:\/\/tinnbib.no\/?page_id=6130","title":{"rendered":"Bibliotekkjeller"},"content":{"rendered":"<p>[et_pb_section fb_built=&raquo;1&#8243; admin_label=&raquo;section&raquo; _builder_version=&raquo;4.16&#8243; global_colors_info=&raquo;{}&raquo;][et_pb_row admin_label=&raquo;row&raquo; _builder_version=&raquo;4.16&#8243; background_size=&raquo;initial&raquo; background_position=&raquo;top_left&raquo; background_repeat=&raquo;repeat&raquo; global_colors_info=&raquo;{}&raquo;][et_pb_column type=&raquo;4_4&#8243; _builder_version=&raquo;4.16&#8243; custom_padding=&raquo;|||&raquo; global_colors_info=&raquo;{}&raquo; custom_padding__hover=&raquo;|||&raquo;][et_pb_text admin_label=&raquo;Tekst&raquo; _builder_version=&raquo;4.27.5&#8243; background_size=&raquo;initial&raquo; background_position=&raquo;top_left&raquo; background_repeat=&raquo;repeat&raquo; hover_enabled=&raquo;0&#8243; use_border_color=&raquo;off&raquo; border_color=&raquo;#ffffff&raquo; border_style=&raquo;solid&raquo; global_colors_info=&raquo;{}&raquo; sticky_enabled=&raquo;0&#8243;]<\/p>\n<p><u>Regler for utl\u00e5n av bibliotekkjelleren<\/u><\/p>\n<ol>\n<li>Bibliotekkjelleren inneholder spesialsamlingen <a href=\"https:\/\/tinnbib.no\/?page_id=5713\">Det r\u00f8de bibliotek<\/a> og skal disponeres av biblioteket.<\/li>\n<li>N\u00f8kkel l\u00e5nes ut mot kvittering i biblioteket. N\u00f8kkel leveres tilbake dagen etterp\u00e5.<\/li>\n<li>Bibliotekkjelleren skal f\u00f8rst og fremst benyttes til bibliotekets egne arrangement.<\/li>\n<li>Bibliotekkjelleren kan l\u00e5nes ut til foreninger. Rjukan bibliotek<br \/>bestemmer hvem de vil l\u00e5ne ut til. Kultur, studie- og<br \/>opplysningsvirksomhet prioriteres. Biblioteket forbeholder seg retten til \u00e5 kansellere<br \/>forh\u00e5ndsbestilt booking av lokalet.<\/li>\n<li>\u00a0De som l\u00e5ner salen m\u00e5 selv sette frem bord og stoler etter behov. N\u00e5r salen forlates,<br \/>skal alt v\u00e6re ryddet tilbake p\u00e5 plass.<\/li>\n<li>\u00a0Enkel servering tillates, men deltakerne m\u00e5 selv ta med n\u00f8dvendig utstyr. Alt medbrakt<br \/>utstyr er l\u00e5ners ansvar.<\/li>\n<li>\u00a0Ved bruk av kj\u00f8kken skal alt v\u00e6re ryddet og vasket opp og oppvaskmaskin m\u00e5 v\u00e6re t\u00f8mt<br \/>senest kl.12:00 p\u00e5f\u00f8lgende dag.<\/li>\n<li>\u00a0Biblioteket forbeholder seg retten til \u00e5 hente b\u00f8ker fra samlinga ved m\u00f8te-\/og eller<br \/>kursvirksomhet i \u00e5pningstida.<\/li>\n<li>\u00a0Etter bruk m\u00e5 man se til at alt lys og elektriske apparater er sl\u00e5tt av f\u00f8r man forlater lokalene. Levende lys\/stearinlys tillates ikke, LED-lys kan benyttes.<\/li>\n<li>\u00a0Brannslukningsapparat er plassert ved d\u00f8ren p\u00e5 kj\u00f8kkenet.<\/li>\n<\/ol>\n<p>Rjukan bibliotek 3\/2\/2026<\/p>\n<p>[\/et_pb_text][\/et_pb_column][\/et_pb_row][\/et_pb_section]<\/p>\n<div class=\"gsp_post_data\" \r\n\t            data-post_type=\"page\" \r\n\t            data-cat=\"\" \r\n\t            data-modified=\"120\"\r\n\t            data-created=\"1446202023\"\r\n\t            data-title=\"Bibliotekkjeller\" \r\n\t            data-home=\"https:\/\/tinnbib.no\"><\/div>","protected":false},"excerpt":{"rendered":"<p>Regler for utl\u00e5n av bibliotekkjelleren Bibliotekkjelleren inneholder spesialsamlingen Det r\u00f8de bibliotek og skal disponeres av biblioteket. N\u00f8kkel l\u00e5nes ut mot kvittering i biblioteket. N\u00f8kkel leveres tilbake dagen etterp\u00e5. Bibliotekkjelleren skal f\u00f8rst og fremst benyttes til bibliotekets egne arrangement. Bibliotekkjelleren kan l\u00e5nes ut til foreninger. Rjukan bibliotekbestemmer hvem de vil l\u00e5ne ut til. Kultur, studie- ogopplysningsvirksomhet [&hellip;]<\/p>\n","protected":false},"author":101011,"featured_media":0,"parent":5954,"menu_order":0,"comment_status":"closed","ping_status":"closed","template":"","meta":{"_et_pb_use_builder":"on","_et_pb_old_content":"<p><u>Regler for utl\u00e5n av bibliotekkjelleren<\/u><\/p><ol><li>Bibliotekkjelleren skal disponeres av biblioteket.<\/li><li>N\u00f8kkel l\u00e5nes ut mot kvittering i biblioteket. N\u00f8kkel leveres tilbake dagen etterp\u00e5.<\/li><li>Bibliotekkjelleren skal f\u00f8rst og fremst benyttes til bibliotekets egne arrangement.<\/li><li>Bibliotekkjelleren kan l\u00e5nes ut til foreninger og privatpersoner. Rjukan bibliotek<br \/> bestemmer hvem de vil l\u00e5ne ut til. Ved stor p\u00e5gang vil kultur, studie- og<br \/> opplysningsvirksomhet prioriteres. Biblioteket forbeholder seg retten til \u00e5 kansellere<br \/> forh\u00e5ndsbestilt booking av lokalet.<\/li><li>\u00a0De som l\u00e5ner salen m\u00e5 selv sette frem bord og stoler etter behov. N\u00e5r salen forlates,<br \/> skal alt v\u00e6re ryddet tilbake p\u00e5 plass.<\/li><li>\u00a0Enkel servering tillates, men deltakerne m\u00e5 selv ta med n\u00f8dvendig utstyr. Alt medbrakt<br \/> utstyr er l\u00e5ners ansvar.<\/li><li>\u00a0Ved bruk av kj\u00f8kken skal alt v\u00e6re ryddet og vasket opp og oppvaskmaskin m\u00e5 v\u00e6re t\u00f8mt<br \/> senest kl. 12.00 p\u00e5f\u00f8lgende dag.<\/li><li>\u00a0Biblioteket forbeholder seg retten til \u00e5 hente b\u00f8ker o.l. fra lokalsamlinga ved m\u00f8te-\/og eller<br \/> kursvirksomhet i \u00e5pningstida.<\/li><li>\u00a0Etter bruk m\u00e5 man se til at alt lys og elektriske apparater er sl\u00e5tt av f\u00f8r man forlater lokalene.<br \/> Ved bruk av stearinlys er det s\u00e6rdeles viktig at det er tilsyn hele tida.<\/li><li>\u00a0Brannslukningsapparat er plassert ved d\u00f8ren p\u00e5 kj\u00f8kkenet.<\/li><li>\u00a0M\u00f8ter til foreninger og andre grupper som \u00f8nsker \u00e5 l\u00e5ne lokalet p\u00e5 gjentagende basis m\u00e5 v\u00e6re \u00e5pent for alle.<\/li><\/ol><p>Rjukan bibliotek 29\/10\/2015<\/p>","_et_gb_content_width":"","footnotes":"","_links_to":"","_links_to_target":""},"class_list":["post-6130","page","type-page","status-publish","hentry"],"_links":{"self":[{"href":"https:\/\/tinnbib.no\/index.php?rest_route=\/wp\/v2\/pages\/6130","targetHints":{"allow":["GET"]}}],"collection":[{"href":"https:\/\/tinnbib.no\/index.php?rest_route=\/wp\/v2\/pages"}],"about":[{"href":"https:\/\/tinnbib.no\/index.php?rest_route=\/wp\/v2\/types\/page"}],"author":[{"embeddable":true,"href":"https:\/\/tinnbib.no\/index.php?rest_route=\/wp\/v2\/users\/101011"}],"replies":[{"embeddable":true,"href":"https:\/\/tinnbib.no\/index.php?rest_route=%2Fwp%2Fv2%2Fcomments&post=6130"}],"version-history":[{"count":9,"href":"https:\/\/tinnbib.no\/index.php?rest_route=\/wp\/v2\/pages\/6130\/revisions"}],"predecessor-version":[{"id":24047,"href":"https:\/\/tinnbib.no\/index.php?rest_route=\/wp\/v2\/pages\/6130\/revisions\/24047"}],"up":[{"embeddable":true,"href":"https:\/\/tinnbib.no\/index.php?rest_route=\/wp\/v2\/pages\/5954"}],"wp:attachment":[{"href":"https:\/\/tinnbib.no\/index.php?rest_route=%2Fwp%2Fv2%2Fmedia&parent=6130"}],"curies":[{"name":"wp","href":"https:\/\/api.w.org\/{rel}","templated":true}]}}